{"id":456,"date":"2026-04-16T15:12:05","date_gmt":"2026-04-16T13:12:05","guid":{"rendered":"https:\/\/quirky-neumann.46-105-92-215.plesk.page\/nimes\/?page_id=456"},"modified":"2026-04-16T15:49:26","modified_gmt":"2026-04-16T13:49:26","slug":"contact","status":"publish","type":"page","link":"https:\/\/quirky-neumann.46-105-92-215.plesk.page\/nimes\/contact\/","title":{"rendered":"Contact"},"content":{"rendered":"\t\t<div data-elementor-type=\"wp-page\" data-elementor-id=\"456\" class=\"elementor elementor-456\">\n\t\t\t\t<div class=\"elementor-element elementor-element-d668218 e-flex e-con-boxed pxl-row-scroll-none pxl-zoom-point-false pxl-section-overflow-visible pxl-section-fix-none pxl-bg-color-none pxl-section-overlay-none e-con e-parent \" data-id=\"d668218\" data-element_type=\"container\">\t\t\t<div class=\"e-con-inner\">\r\n\t\t<div class=\"elementor-element elementor-element-440127c e-con-full e-flex pxl-row-scroll-none pxl-zoom-point-false pxl-section-overflow-visible pxl-section-fix-none pxl-bg-color-none pxl-section-overlay-none e-con e-child \" data-id=\"440127c\" data-element_type=\"container\" data-settings=\"{&quot;background_background&quot;:&quot;classic&quot;}\">\t\t<div class=\"elementor-element elementor-element-85e270e elementor-widget elementor-widget-pxl_logo\" data-id=\"85e270e\" data-element_type=\"widget\" data-widget_type=\"pxl_logo.default\">\n\t\t\t\t<div class=\"elementor-widget-container\">\n\t\t\t\t\t    <div class=\"pxl-logo \" data-wow-delay=\"ms\">\r\n                    <img fetchpriority=\"high\" decoding=\"async\" width=\"2560\" height=\"734\" src=\"https:\/\/quirky-neumann.46-105-92-215.plesk.page\/nimes\/wp-content\/uploads\/sites\/2\/2026\/04\/logo-new-jump-texte-seulement-2-scaled-1.png\" class=\"attachment-full\" alt=\"\" \/>            <\/div>\r\n\t\t\t\t<\/div>\n\t\t\t\t<\/div>\n\t\t\t\t<div class=\"elementor-element elementor-element-34f4ace elementor-widget elementor-widget-pxl_heading\" data-id=\"34f4ace\" data-element_type=\"widget\" data-widget_type=\"pxl_heading.default\">\n\t\t\t\t<div class=\"elementor-widget-container\">\n\t\t\t\t\t\n<div id=\"pxl-pxl_heading-34f4ace-7884\" class=\"pxl-heading \">\n\t<div class=\"pxl-heading--inner\">\n\t\t\n\t\t<h1 class=\"pxl-item--title style-default highlight-default pxl-split-text split-in-fade\" data-wow-delay=\"ms\">\n\t\t\t<span class=\"pxl-heading--text\">\n\t\t\t\t\t\t\t\t\tContactez-nous\t\n\t\t\t\t\t\t\t<\/span>\n\t\t<\/h1>\n\t<\/div>\n<\/div>\t\t\t\t<\/div>\n\t\t\t\t<\/div>\n\t\t\t\t<div class=\"elementor-element elementor-element-76bd9f5 animated-slow elementor-widget-divider--view-line elementor-invisible elementor-widget elementor-widget-divider\" data-id=\"76bd9f5\" data-element_type=\"widget\" data-settings=\"{&quot;_animation&quot;:&quot;fadeIn&quot;}\" data-widget_type=\"divider.default\">\n\t\t\t\t\t\t\t<div class=\"elementor-divider\">\n\t\t\t<span class=\"elementor-divider-separator\">\n\t\t\t\t\t\t<\/span>\n\t\t<\/div>\n\t\t\t\t\t\t<\/div>\n\t\t\t\t<div class=\"elementor-element elementor-element-a561e94 elementor-widget elementor-widget-pxl_contact_form\" data-id=\"a561e94\" data-element_type=\"widget\" data-widget_type=\"pxl_contact_form.default\">\n\t\t\t\t<div class=\"elementor-widget-container\">\n\t\t\t\t\t    <div class=\"pxl-contact-form pxl-contact-form1 bg-style1 btn-w-full \" data-wow-delay=\"ms\">\r\n        \n<div class=\"wpcf7 no-js\" id=\"wpcf7-f285-o1\" lang=\"fr-FR\" dir=\"ltr\" data-wpcf7-id=\"285\">\n<div class=\"screen-reader-response\"><p role=\"status\" aria-live=\"polite\" aria-atomic=\"true\"><\/p> <ul><\/ul><\/div>\n<form action=\"\/nimes\/wp-json\/wp\/v2\/pages\/456#wpcf7-f285-o1\" method=\"post\" class=\"wpcf7-form init\" aria-label=\"Formulaire de contact\" novalidate=\"novalidate\" data-status=\"init\">\n<fieldset class=\"hidden-fields-container\"><input type=\"hidden\" name=\"_wpcf7\" value=\"285\" \/><input type=\"hidden\" name=\"_wpcf7_version\" value=\"6.1.5\" \/><input type=\"hidden\" name=\"_wpcf7_locale\" value=\"fr_FR\" \/><input type=\"hidden\" name=\"_wpcf7_unit_tag\" value=\"wpcf7-f285-o1\" \/><input type=\"hidden\" name=\"_wpcf7_container_post\" value=\"0\" \/><input type=\"hidden\" name=\"_wpcf7_posted_data_hash\" value=\"\" \/>\n<\/fieldset>\n<div class=\"wrap-ctf-popup wrap-form\">\n\t<div class=\"containter\">\n\t\t<div class=\"row input-contact\">\n\t\t\t<div class=\"input-filled col-xl-6 col-lg-6 col-md-6 col-sm-6 col-xs-12\">\n\t\t\t\t<p><span class=\"wpcf7-form-control-wrap your-name\"><br \/>\n<label class=\"pxl-form--label\">Nom \/ Pr\u00e9nom<\/label><br \/>\n<span class=\"wpcf7-form-control-wrap\" data-name=\"your-name\"><input size=\"40\" maxlength=\"400\" class=\"wpcf7-form-control wpcf7-text wpcf7-validates-as-required\" autocomplete=\"name\" aria-required=\"true\" aria-invalid=\"false\" placeholder=\"ex. Jean Dupont\" value=\"\" type=\"text\" name=\"your-name\" \/><\/span><br \/>\n<\/span>\n\t\t\t\t<\/p>\n\t\t\t<\/div>\n\t\t\t<div class=\"input-filled col-xl-6 col-lg-6 col-md-6 col-sm-6 col-xs-12\">\n\t\t\t\t<p><span class=\"wpcf7-form-control-wrap your-email\"><br \/>\n<label class=\"pxl-form--label\">Adresse email<\/label><br \/>\n<span class=\"wpcf7-form-control-wrap\" data-name=\"your-email\"><input size=\"40\" maxlength=\"400\" class=\"wpcf7-form-control wpcf7-email wpcf7-validates-as-required wpcf7-text wpcf7-validates-as-email\" autocomplete=\"email\" aria-required=\"true\" aria-invalid=\"false\" placeholder=\"exemple@email.com\" value=\"\" type=\"email\" name=\"your-email\" \/><\/span><br \/>\n<\/span>\n\t\t\t\t<\/p>\n\t\t\t<\/div>\n\t\t\t<div class=\"input-filled col-xl-6 col-lg-6 col-md-6 col-sm-6 col-xs-12\">\n\t\t\t\t<p><span class=\"wpcf7-form-control-wrap your-phone\"><br \/>\n<label class=\"pxl-form--label\">Num\u00e9ro de t\u00e9l\u00e9phone<\/label><br \/>\n<span class=\"wpcf7-form-control-wrap\" data-name=\"your-phone\"><input size=\"40\" maxlength=\"400\" class=\"wpcf7-form-control wpcf7-tel wpcf7-validates-as-required wpcf7-text wpcf7-validates-as-tel\" autocomplete=\"tel\" aria-required=\"true\" aria-invalid=\"false\" placeholder=\"ex. 06 12 34 56 78\" value=\"\" type=\"tel\" name=\"your-phone\" \/><\/span><br \/>\n<\/span>\n\t\t\t\t<\/p>\n\t\t\t<\/div>\n\t\t\t<div class=\"input-filled col-xl-6 col-lg-6 col-md-6 col-sm-6 col-xs-12\">\n\t\t\t\t<p><span class=\"wpcf7-form-control-wrap your-people\"><br \/>\n<label class=\"pxl-form--label\">Nombre de personnes<\/label><br \/>\n<span class=\"wpcf7-form-control-wrap\" data-name=\"your-people\"><input class=\"wpcf7-form-control wpcf7-number wpcf7-validates-as-required wpcf7-validates-as-number\" min=\"1\" aria-required=\"true\" aria-invalid=\"false\" placeholder=\"ex. 15\" value=\"\" type=\"number\" name=\"your-people\" \/><\/span><br \/>\n<\/span>\n\t\t\t\t<\/p>\n\t\t\t<\/div>\n\t\t\t<div class=\"input-filled col-xl-6 col-lg-6 col-md-6 col-sm-6 col-xs-12\">\n\t\t\t\t<p><span class=\"wpcf7-form-control-wrap your-service\"><br \/>\n<label class=\"pxl-form--label\">Sujet<\/label><br \/>\n<span class=\"wpcf7-form-control-wrap\" data-name=\"menu-222\"><select class=\"wpcf7-form-control wpcf7-select\" id=\"service-type\" aria-invalid=\"false\" name=\"menu-222\"><option value=\"Choisir un sujet\">Choisir un sujet<\/option><option value=\"\u00c9v\u00e8nements d&#039;entreprises &amp; CE\">\u00c9v\u00e8nements d&#039;entreprises &amp; CE<\/option><option value=\"EVG\/EVJF\">EVG\/EVJF<\/option><option value=\"Team Building\">Team Building<\/option><option value=\"Groupes scolaires &amp; centres de loisirs\">Groupes scolaires &amp; centres de loisirs<\/option><option value=\"Autre\">Autre<\/option><\/select><\/span><br \/>\n<\/span>\n\t\t\t\t<\/p>\n\t\t\t<\/div>\n\t\t\t<div class=\"input-filled col-xl-12\">\n\t\t\t\t<p><span class=\"wpcf7-form-control-wrap your-messeage\"><br \/>\n<label class=\"pxl-form--label\">Message<\/label><br \/>\n<span class=\"wpcf7-form-control-wrap\" data-name=\"your-messeage\"><textarea cols=\"40\" rows=\"10\" maxlength=\"2000\" class=\"wpcf7-form-control wpcf7-textarea wpcf7-validates-as-required\" aria-required=\"true\" aria-invalid=\"false\" placeholder=\"\u00c9crivez votre message...\" name=\"your-messeage\"><\/textarea><\/span><br \/>\n<\/span>\n\t\t\t\t<\/p>\n\t\t\t<\/div>\n\t\t\t<div class=\"col-12\">\n\t\t\t\t<div class=\"wp-input-filled field-dflex\">\n\t\t\t\t\t<div class=\"input-filled\">\n\t\t\t\t\t\t<p><span class=\"wpcf7-form-control-wrap\" data-name=\"checkbox-805\"><span class=\"wpcf7-form-control wpcf7-checkbox\"><span class=\"wpcf7-list-item first last\"><label><input type=\"checkbox\" name=\"checkbox-805[]\" value=\"J&#039;accepte les conditions g\u00e9n\u00e9rales\" \/><span class=\"wpcf7-list-item-label\">J&#039;accepte les conditions g\u00e9n\u00e9rales<\/span><\/label><\/span><\/span><\/span>\n\t\t\t\t\t\t<\/p>\n\t\t\t\t\t<\/div>\n\t\t\t\t\t<div class=\"input-filled input-filled-btn\">\n\t\t\t\t\t\t<p><button class=\"wpcf7-submit\" type=\"submit\"><span class=\"pxl-text\">Envoyer<\/span><\/button>\n\t\t\t\t\t\t<\/p>\n\t\t\t\t\t<\/div>\n\t\t\t\t<\/div>\n\t\t\t<\/div>\n\t\t<\/div>\n\t<\/div>\n<\/div>\n<p><script>\ndocument.addEventListener('DOMContentLoaded', function() {\n const params = new URLSearchParams(window.location.search);\n const sujet = params.get('sujet');\n if (sujet) {\n const select = document.querySelector('.wpcf7-select');\n if (select) {\n for (let i = 0; i < select.options.length; i++) {\n if (select.options[i].value === sujet) {\n select.selectedIndex = i;\n break;\n }\n }\n }\n }\n});\n<\/script>\n<\/p><p style=\"display: none !important;\" class=\"akismet-fields-container\" data-prefix=\"_wpcf7_ak_\"><label>&#916;<textarea name=\"_wpcf7_ak_hp_textarea\" cols=\"45\" rows=\"8\" maxlength=\"100\"><\/textarea><\/label><input type=\"hidden\" id=\"ak_js_1\" name=\"_wpcf7_ak_js\" value=\"230\"\/><script>document.getElementById( \"ak_js_1\" ).setAttribute( \"value\", ( new Date() ).getTime() );<\/script><\/p><div class=\"wpcf7-response-output\" aria-hidden=\"true\"><\/div>\n<\/form>\n<\/div>\n    <\/div>\r\n\t\t\t\t<\/div>\n\t\t\t\t<\/div>\n\t\t\t\t<\/div>\r\n\t\t\t\t\t<\/div>\r\n\t\t\t\t<\/div>\r\n\t\t<div class=\"elementor-element elementor-element-7e72d48 e-flex e-con-boxed pxl-row-scroll-none pxl-zoom-point-false pxl-section-overflow-visible pxl-section-fix-none pxl-bg-color-none pxl-section-overlay-none e-con e-parent \" data-id=\"7e72d48\" data-element_type=\"container\">\t\t\t<div class=\"e-con-inner\">\r\n\t\t\t\t<div class=\"elementor-element elementor-element-6a8759f elementor-widget elementor-widget-html\" data-id=\"6a8759f\" data-element_type=\"widget\" data-widget_type=\"html.default\">\n\t\t\t\t\t<script>\nwindow.addEventListener('load', function() {\n  const params = new URLSearchParams(window.location.search);\n  const sujet = params.get('sujet');\n  alert('Sujet d\u00e9tect\u00e9 : ' + sujet);\n});\n<\/script>\t\t\t\t<\/div>\n\t\t\t\t\t<\/div>\r\n\t\t\t\t<\/div>\r\n\t\t\t\t<\/div>\n\t\t","protected":false},"excerpt":{"rendered":"<p>Contactez-nous Nom \/ Pr\u00e9nom Adresse email Num\u00e9ro de t\u00e9l\u00e9phone Nombre de personnes Sujet Choisir un sujet\u00c9v\u00e8nements d&#039;entreprises &amp; CEEVG\/EVJFTeam BuildingGroupes scolaires &amp; centres de loisirsAutre Message J&#039;accepte les conditions g\u00e9n\u00e9rales Envoyer &#916;<\/p>\n","protected":false},"author":1,"featured_media":0,"parent":0,"menu_order":0,"comment_status":"closed","ping_status":"closed","template":"","meta":{"footnotes":""},"class_list":["post-456","page","type-page","status-publish","hentry"],"_links":{"self":[{"href":"https:\/\/quirky-neumann.46-105-92-215.plesk.page\/nimes\/wp-json\/wp\/v2\/pages\/456","targetHints":{"allow":["GET"]}}],"collection":[{"href":"https:\/\/quirky-neumann.46-105-92-215.plesk.page\/nimes\/wp-json\/wp\/v2\/pages"}],"about":[{"href":"https:\/\/quirky-neumann.46-105-92-215.plesk.page\/nimes\/wp-json\/wp\/v2\/types\/page"}],"author":[{"embeddable":true,"href":"https:\/\/quirky-neumann.46-105-92-215.plesk.page\/nimes\/wp-json\/wp\/v2\/users\/1"}],"replies":[{"embeddable":true,"href":"https:\/\/quirky-neumann.46-105-92-215.plesk.page\/nimes\/wp-json\/wp\/v2\/comments?post=456"}],"version-history":[{"count":28,"href":"https:\/\/quirky-neumann.46-105-92-215.plesk.page\/nimes\/wp-json\/wp\/v2\/pages\/456\/revisions"}],"predecessor-version":[{"id":523,"href":"https:\/\/quirky-neumann.46-105-92-215.plesk.page\/nimes\/wp-json\/wp\/v2\/pages\/456\/revisions\/523"}],"wp:attachment":[{"href":"https:\/\/quirky-neumann.46-105-92-215.plesk.page\/nimes\/wp-json\/wp\/v2\/media?parent=456"}],"curies":[{"name":"wp","href":"https:\/\/api.w.org\/{rel}","templated":true}]}}