{"id":302,"date":"2026-03-19T15:35:15","date_gmt":"2026-03-19T14:35:15","guid":{"rendered":"https:\/\/quirky-neumann.46-105-92-215.plesk.page\/nimes\/?page_id=302"},"modified":"2026-04-16T15:48:39","modified_gmt":"2026-04-16T13:48:39","slug":"nos-groupes","status":"publish","type":"page","link":"https:\/\/quirky-neumann.46-105-92-215.plesk.page\/nimes\/nos-groupes\/","title":{"rendered":"Offre groupe"},"content":{"rendered":"\t\t<div data-elementor-type=\"wp-page\" data-elementor-id=\"302\" class=\"elementor elementor-302\">\n\t\t\t\t<div class=\"elementor-element elementor-element-19d9a5b7 e-flex e-con-boxed pxl-row-scroll-none pxl-zoom-point-false pxl-section-overflow-visible pxl-section-fix-none pxl-bg-color-none pxl-section-overlay-none e-con e-parent \" data-id=\"19d9a5b7\" data-element_type=\"container\">\t\t\t<div class=\"e-con-inner\">\r\n\t\t<div class=\"elementor-element elementor-element-2b3b080f e-con-full e-flex pxl-row-scroll-none pxl-zoom-point-false pxl-section-overflow-visible pxl-section-fix-none pxl-bg-color-none pxl-section-overlay-none e-con e-child \" data-id=\"2b3b080f\" data-element_type=\"container\" data-settings=\"{&quot;background_background&quot;:&quot;classic&quot;}\"><div class=\"elementor-element elementor-element-3c08e320 e-con-full e-flex pxl-row-scroll-none pxl-zoom-point-false pxl-section-overflow-visible pxl-section-fix-none pxl-bg-color-none pxl-section-overlay-none e-con e-child \" data-id=\"3c08e320\" data-element_type=\"container\"><div class=\"elementor-element elementor-element-d0bd373 e-con-full e-flex pxl-row-scroll-none pxl-zoom-point-false pxl-section-overflow-visible pxl-section-fix-none pxl-bg-color-none pxl-section-overlay-none e-con e-child \" data-id=\"d0bd373\" data-element_type=\"container\">\t\t<div class=\"elementor-element elementor-element-37b741b5 elementor-widget elementor-widget-pxl_heading\" data-id=\"37b741b5\" data-element_type=\"widget\" data-widget_type=\"pxl_heading.default\">\n\t\t\t\t<div class=\"elementor-widget-container\">\n\t\t\t\t\t\n<div id=\"pxl-pxl_heading-37b741b5-4080\" class=\"pxl-heading \">\n\t<div class=\"pxl-heading--inner\">\n\t\t\n\t\t<h2 class=\"pxl-item--title style-default highlight-default wow skewInBottom\" data-wow-delay=\"450ms\">\n\t\t\t<span class=\"pxl-heading--text\">\n\t\t\t\t\t\t\t\t\tNos prestations de groupes\t\n\t\t\t\t\t\t\t<\/span>\n\t\t<\/h2>\n\t<\/div>\n<\/div>\t\t\t\t<\/div>\n\t\t\t\t<\/div>\n\t\t\t\t<\/div>\r\n\t\t<div class=\"elementor-element elementor-element-45d36821 e-con-full e-flex pxl-row-scroll-none pxl-zoom-point-false pxl-section-overflow-visible pxl-section-fix-none pxl-bg-color-none pxl-section-overlay-none e-con e-child \" data-id=\"45d36821\" data-element_type=\"container\">\t\t<div class=\"elementor-element elementor-element-4bc10d6b elementor-widget elementor-widget-pxl_text_editor\" data-id=\"4bc10d6b\" data-element_type=\"widget\" data-widget_type=\"pxl_text_editor.default\">\n\t\t\t\t<div class=\"elementor-widget-container\">\n\t\t\t\t\t<div class=\"pxl-text-editor\">\n\t<div class=\"pxl-item--inner \" data-wow-delay=\"ms\">\n\t\t<p>D\u00e9couvrez nos prestations de groupe : du fun pour tous les \u00e2ges et toutes les occasions !<\/p>\t<\/div>\n<\/div>\t\t\t\t<\/div>\n\t\t\t\t<\/div>\n\t\t\t\t<\/div>\r\n\t\t\t\t<\/div>\r\n\t\t<div class=\"elementor-element elementor-element-4482f330 e-con-full e-flex pxl-row-scroll-none pxl-zoom-point-false pxl-section-overflow-visible pxl-section-fix-none pxl-bg-color-none pxl-section-overlay-none e-con e-child \" data-id=\"4482f330\" data-element_type=\"container\"><a class=\"elementor-element elementor-element-b353285 e-con-full e-flex pxl-row-scroll-none pxl-zoom-point-false pxl-section-overflow-visible pxl-section-fix-none pxl-bg-color-none pxl-section-overlay-none e-con e-child \" data-id=\"b353285\" data-element_type=\"container\" data-settings=\"{&quot;background_background&quot;:&quot;classic&quot;}\" href=\"\/nimes\/contact\/?sujet=\u00c9v\u00e8nements+d&#039;entreprises+%26+CE\">\t\t<div class=\"elementor-element elementor-element-75b6c7f9 elementor-widget elementor-widget-pxl_image\" data-id=\"75b6c7f9\" data-element_type=\"widget\" data-widget_type=\"pxl_image.default\">\n\t\t\t\t<div class=\"elementor-widget-container\">\n\t\t\t\t\t<div id=\"pxl_image-75b6c7f9-4152\" class=\"pxl-image-single  pxl-parallax-scroll \" data-wow-delay=\"ms\"  data-parallax='{\"x\":10}'>\r\n    <div class=\"pxl-item--inner\">\r\n                \r\n                                                        <div class=\"pxl-item--image\" data-parallax-value=\"\">\r\n                                                            <img decoding=\"async\" width=\"150\" height=\"150\" src=\"https:\/\/quirky-neumann.46-105-92-215.plesk.page\/nimes\/wp-content\/uploads\/sites\/2\/2026\/03\/Icon-microFichier-2@2x-150x150.png\" class=\"no-lazyload attachment-thumbnail\" alt=\"\" \/>                                                                                <\/div>\r\n                                                    <\/div>\r\n<\/div>\t\t\t\t<\/div>\n\t\t\t\t<\/div>\n\t\t\t\t<div class=\"elementor-element elementor-element-5c15506d elementor-widget elementor-widget-pxl_heading\" data-id=\"5c15506d\" data-element_type=\"widget\" data-widget_type=\"pxl_heading.default\">\n\t\t\t\t<div class=\"elementor-widget-container\">\n\t\t\t\t\t\n<div id=\"pxl-pxl_heading-5c15506d-3417\" class=\"pxl-heading \">\n\t<div class=\"pxl-heading--inner\">\n\t\t\n\t\t<h2 class=\"pxl-item--title style-default highlight-default wow skewIn\" data-wow-delay=\"450ms\">\n\t\t\t<span class=\"pxl-heading--text\">\n\t\t\t\t\t\t\t\t\t\u00c9V\u00c8NEMENTS D&rsquo;ENTREPRISES &#8211; CE\t\n\t\t\t\t\t\t\t<\/span>\n\t\t<\/h2>\n\t<\/div>\n<\/div>\t\t\t\t<\/div>\n\t\t\t\t<\/div>\n\t\t\t\t<div class=\"elementor-element elementor-element-1c63a8a2 elementor-absolute elementor-widget__width-inherit elementor-widget elementor-widget-pxl_image\" data-id=\"1c63a8a2\" data-element_type=\"widget\" data-settings=\"{&quot;_position&quot;:&quot;absolute&quot;}\" data-widget_type=\"pxl_image.default\">\n\t\t\t\t<div class=\"elementor-widget-container\">\n\t\t\t\t\t<div id=\"pxl_image-1c63a8a2-9887\" class=\"pxl-image-single  pxl-parallax-scroll \" data-wow-delay=\"ms\"  data-parallax='{\"y\":20}'>\r\n    <div class=\"pxl-item--inner\">\r\n                \r\n                                                        <div class=\"pxl-item--image\" data-parallax-value=\"\">\r\n                                                            <img fetchpriority=\"high\" decoding=\"async\" width=\"2560\" height=\"1708\" src=\"https:\/\/quirky-neumann.46-105-92-215.plesk.page\/nimes\/wp-content\/uploads\/sites\/2\/2026\/03\/groupe-ce-scaled.png\" class=\"no-lazyload attachment-full\" alt=\"\" \/>                                                                                <\/div>\r\n                                                    <\/div>\r\n<\/div>\t\t\t\t<\/div>\n\t\t\t\t<\/div>\n\t\t\t\t<\/a>\r\n\t\t<div class=\"elementor-element elementor-element-2182d765 e-con-full e-flex pxl-row-scroll-none pxl-zoom-point-false pxl-section-overflow-visible pxl-section-fix-none pxl-bg-color-none pxl-section-overlay-none e-con e-child \" data-id=\"2182d765\" data-element_type=\"container\"><a class=\"elementor-element elementor-element-1e07fd42 e-con-full e-flex pxl-row-scroll-none pxl-zoom-point-false pxl-section-overflow-visible pxl-section-fix-none pxl-bg-color-none pxl-section-overlay-none e-con e-child \" data-id=\"1e07fd42\" data-element_type=\"container\" data-settings=\"{&quot;background_background&quot;:&quot;classic&quot;}\" href=\"\/nimes\/contact\/?sujet=EVG%2FEVJF\">\t\t<div class=\"elementor-element elementor-element-208d5546 elementor-absolute elementor-widget__width-initial elementor-widget elementor-widget-pxl_image\" data-id=\"208d5546\" data-element_type=\"widget\" data-settings=\"{&quot;_position&quot;:&quot;absolute&quot;,&quot;_animation&quot;:&quot;none&quot;}\" data-widget_type=\"pxl_image.default\">\n\t\t\t\t<div class=\"elementor-widget-container\">\n\t\t\t\t\t<div id=\"pxl_image-208d5546-2040\" class=\"pxl-image-single pxl-disable-parallax-sm  \" data-wow-delay=\"ms\"  >\r\n    <div class=\"pxl-item--inner\">\r\n                \r\n                                                        <div class=\"pxl-item--image\" data-parallax-value=\"\">\r\n                                                            <img decoding=\"async\" width=\"1024\" height=\"1024\" src=\"https:\/\/quirky-neumann.46-105-92-215.plesk.page\/nimes\/wp-content\/uploads\/sites\/2\/2026\/03\/16b017f9-69ff-4f93-a5a9-c218eeb62f31-2026-03-20.png\" class=\"no-lazyload attachment-full\" alt=\"\" \/>                                                                                <\/div>\r\n                                                    <\/div>\r\n<\/div>\t\t\t\t<\/div>\n\t\t\t\t<\/div>\n\t\t\t\t<div class=\"elementor-element elementor-element-a91f0de elementor-absolute elementor-widget elementor-widget-pxl_image\" data-id=\"a91f0de\" data-element_type=\"widget\" data-settings=\"{&quot;_position&quot;:&quot;absolute&quot;,&quot;_animation&quot;:&quot;none&quot;}\" data-widget_type=\"pxl_image.default\">\n\t\t\t\t<div class=\"elementor-widget-container\">\n\t\t\t\t\t<div id=\"pxl_image-a91f0de-5369\" class=\"pxl-image-single pxl-disable-parallax-sm  \" data-wow-delay=\"ms\"  >\r\n    <div class=\"pxl-item--inner\">\r\n                \r\n                                                        <div class=\"pxl-item--image\" data-parallax-value=\"\">\r\n                                                            <img loading=\"lazy\" decoding=\"async\" width=\"243\" height=\"255\" src=\"https:\/\/quirky-neumann.46-105-92-215.plesk.page\/nimes\/wp-content\/uploads\/sites\/2\/2026\/03\/kid-line-divider.png\" class=\"no-lazyload attachment-full\" alt=\"\" \/>                                                                                <\/div>\r\n                                                    <\/div>\r\n<\/div>\t\t\t\t<\/div>\n\t\t\t\t<\/div>\n\t\t\t\t<div class=\"elementor-element elementor-element-745b5c7d elementor-absolute elementor-widget elementor-widget-pxl_image\" data-id=\"745b5c7d\" data-element_type=\"widget\" data-settings=\"{&quot;_position&quot;:&quot;absolute&quot;}\" data-widget_type=\"pxl_image.default\">\n\t\t\t\t<div class=\"elementor-widget-container\">\n\t\t\t\t\t<div id=\"pxl_image-745b5c7d-4358\" class=\"pxl-image-single pxl-disable-parallax-sm pxl-animation-round \" data-wow-delay=\"ms\"  >\r\n    <div class=\"pxl-item--inner\">\r\n                \r\n                                                        <div class=\"pxl-item--image\" data-parallax-value=\"\">\r\n                                                            <img loading=\"lazy\" decoding=\"async\" width=\"2000\" height=\"2000\" src=\"https:\/\/quirky-neumann.46-105-92-215.plesk.page\/nimes\/wp-content\/uploads\/sites\/2\/2026\/03\/10416685.png\" class=\"no-lazyload attachment-full\" alt=\"\" \/>                                                                                <\/div>\r\n                                                    <\/div>\r\n<\/div>\t\t\t\t<\/div>\n\t\t\t\t<\/div>\n\t\t\t\t<div class=\"elementor-element elementor-element-76dd9a89 elementor-widget elementor-widget-pxl_heading\" data-id=\"76dd9a89\" data-element_type=\"widget\" data-widget_type=\"pxl_heading.default\">\n\t\t\t\t<div class=\"elementor-widget-container\">\n\t\t\t\t\t\n<div id=\"pxl-pxl_heading-76dd9a89-7044\" class=\"pxl-heading \">\n\t<div class=\"pxl-heading--inner\">\n\t\t\n\t\t<h2 class=\"pxl-item--title style-default highlight-default wow skewIn\" data-wow-delay=\"450ms\">\n\t\t\t<span class=\"pxl-heading--text\">\n\t\t\t\t\t\t\t\t\tEVG\/EVJF\t\n\t\t\t\t\t\t\t<\/span>\n\t\t<\/h2>\n\t<\/div>\n<\/div>\t\t\t\t<\/div>\n\t\t\t\t<\/div>\n\t\t\t\t<\/a>\r\n\t\t<a class=\"elementor-element elementor-element-3256facd e-con-full e-flex pxl-row-scroll-none pxl-zoom-point-false pxl-section-overflow-visible pxl-section-fix-none pxl-bg-color-none pxl-section-overlay-none e-con e-child \" data-id=\"3256facd\" data-element_type=\"container\" data-settings=\"{&quot;background_background&quot;:&quot;classic&quot;}\">\t\t<div class=\"elementor-element elementor-element-78f1ccc8 elementor-absolute elementor-widget__width-initial elementor-widget elementor-widget-pxl_image\" data-id=\"78f1ccc8\" data-element_type=\"widget\" data-settings=\"{&quot;_position&quot;:&quot;absolute&quot;}\" data-widget_type=\"pxl_image.default\">\n\t\t\t\t<div class=\"elementor-widget-container\">\n\t\t\t\t\t<div id=\"pxl_image-78f1ccc8-6847\" class=\"pxl-image-single pxl-disable-parallax-sm pxl-image-tilt \" data-wow-delay=\"ms\" data-maxtilt=\"10\" data-speedtilt=\"400\" data-perspectivetilt=\"1000\" >\r\n    <div class=\"pxl-item--inner\">\r\n                \r\n                                                        <div class=\"pxl-item--image\" data-parallax-value=\"\">\r\n                                                            <img loading=\"lazy\" decoding=\"async\" width=\"1024\" height=\"1024\" src=\"https:\/\/quirky-neumann.46-105-92-215.plesk.page\/nimes\/wp-content\/uploads\/sites\/2\/2026\/03\/Team-building.png\" class=\"no-lazyload attachment-full\" alt=\"\" \/>                                                                                <\/div>\r\n                                                    <\/div>\r\n<\/div>\t\t\t\t<\/div>\n\t\t\t\t<\/div>\n\t\t\t\t<div class=\"elementor-element elementor-element-3be41a9a elementor-widget elementor-widget-pxl_heading\" data-id=\"3be41a9a\" data-element_type=\"widget\" data-widget_type=\"pxl_heading.default\">\n\t\t\t\t<div class=\"elementor-widget-container\">\n\t\t\t\t\t\n<div id=\"pxl-pxl_heading-3be41a9a-3109\" class=\"pxl-heading \">\n\t<div class=\"pxl-heading--inner\">\n\t\t\n\t\t<h2 class=\"pxl-item--title style-default highlight-default wow skewIn\" data-wow-delay=\"450ms\">\n\t\t\t<span class=\"pxl-heading--text\">\n\t\t\t\t\t\t\t\t\tTEAM BUILDING\t\n\t\t\t\t\t\t\t<\/span>\n\t\t<\/h2>\n\t<\/div>\n<\/div>\t\t\t\t<\/div>\n\t\t\t\t<\/div>\n\t\t\t\t<\/a>\r\n\t\t\t\t<\/div>\r\n\t\t<a class=\"elementor-element elementor-element-7594a688 e-con-full e-flex pxl-row-scroll-none pxl-zoom-point-false pxl-section-overflow-visible pxl-section-fix-none pxl-bg-color-none pxl-section-overlay-none e-con e-child \" data-id=\"7594a688\" data-element_type=\"container\" data-settings=\"{&quot;background_background&quot;:&quot;classic&quot;}\">\t\t<div class=\"elementor-element elementor-element-6de3b9ed elementor-absolute elementor-widget__width-initial elementor-widget elementor-widget-pxl_image\" data-id=\"6de3b9ed\" data-element_type=\"widget\" data-settings=\"{&quot;_position&quot;:&quot;absolute&quot;}\" data-widget_type=\"pxl_image.default\">\n\t\t\t\t<div class=\"elementor-widget-container\">\n\t\t\t\t\t<div id=\"pxl_image-6de3b9ed-1873\" class=\"pxl-image-single  pxl-parallax-scroll \" data-wow-delay=\"ms\"  data-parallax='{\"y\":20}'>\r\n    <div class=\"pxl-item--inner\">\r\n                \r\n                                                        <div class=\"pxl-item--image\" data-parallax-value=\"\">\r\n                                                            <img loading=\"lazy\" decoding=\"async\" width=\"1024\" height=\"1024\" src=\"https:\/\/quirky-neumann.46-105-92-215.plesk.page\/nimes\/wp-content\/uploads\/sites\/2\/2026\/03\/175b431c-7575-45dc-ab71-f31195e271c5-2026-03-20.png\" class=\"no-lazyload attachment-full\" alt=\"\" \/>                                                                                <\/div>\r\n                                                    <\/div>\r\n<\/div>\t\t\t\t<\/div>\n\t\t\t\t<\/div>\n\t\t\t\t<div class=\"elementor-element elementor-element-7339a6cf elementor-absolute elementor-widget elementor-widget-pxl_image\" data-id=\"7339a6cf\" data-element_type=\"widget\" data-settings=\"{&quot;_position&quot;:&quot;absolute&quot;,&quot;_animation&quot;:&quot;none&quot;}\" data-widget_type=\"pxl_image.default\">\n\t\t\t\t<div class=\"elementor-widget-container\">\n\t\t\t\t\t<div id=\"pxl_image-7339a6cf-7785\" class=\"pxl-image-single pxl-disable-parallax-sm pxl-image-spin \" data-wow-delay=\"ms\"  >\r\n    <div class=\"pxl-item--inner\">\r\n                \r\n                                                        <div class=\"pxl-item--image\" data-parallax-value=\"\">\r\n                                                            <img loading=\"lazy\" decoding=\"async\" width=\"146\" height=\"141\" src=\"https:\/\/quirky-neumann.46-105-92-215.plesk.page\/nimes\/wp-content\/uploads\/sites\/2\/2026\/03\/kid-icon-24.png\" class=\"no-lazyload attachment-full\" alt=\"\" \/>                                                                                <\/div>\r\n                                                    <\/div>\r\n<\/div>\t\t\t\t<\/div>\n\t\t\t\t<\/div>\n\t\t\t\t<div class=\"elementor-element elementor-element-3d33a282 elementor-absolute elementor-widget elementor-widget-pxl_image\" data-id=\"3d33a282\" data-element_type=\"widget\" data-settings=\"{&quot;_position&quot;:&quot;absolute&quot;}\" data-widget_type=\"pxl_image.default\">\n\t\t\t\t<div class=\"elementor-widget-container\">\n\t\t\t\t\t<div id=\"pxl_image-3d33a282-4709\" class=\"pxl-image-single pxl-disable-parallax-sm slide-up-down \" data-wow-delay=\"ms\"  >\r\n    <div class=\"pxl-item--inner\">\r\n                \r\n                                                        <div class=\"pxl-item--image\" data-parallax-value=\"\">\r\n                                                            <img loading=\"lazy\" decoding=\"async\" width=\"261\" height=\"192\" src=\"https:\/\/quirky-neumann.46-105-92-215.plesk.page\/nimes\/wp-content\/uploads\/sites\/2\/2026\/03\/siffletFichier-1@2x.png\" class=\"no-lazyload attachment-full\" alt=\"\" \/>                                                                                <\/div>\r\n                                                    <\/div>\r\n<\/div>\t\t\t\t<\/div>\n\t\t\t\t<\/div>\n\t\t\t\t<div class=\"elementor-element elementor-element-3d278794 elementor-absolute elementor-widget elementor-widget-pxl_image\" data-id=\"3d278794\" data-element_type=\"widget\" data-settings=\"{&quot;_position&quot;:&quot;absolute&quot;}\" data-widget_type=\"pxl_image.default\">\n\t\t\t\t<div class=\"elementor-widget-container\">\n\t\t\t\t\t<div id=\"pxl_image-3d278794-1365\" class=\"pxl-image-single pxl-disable-parallax-sm pxl-image-spin \" data-wow-delay=\"ms\"  >\r\n    <div class=\"pxl-item--inner\">\r\n                \r\n                                                        <div class=\"pxl-item--image\" data-parallax-value=\"\">\r\n                                                            <img loading=\"lazy\" decoding=\"async\" width=\"51\" height=\"60\" src=\"https:\/\/quirky-neumann.46-105-92-215.plesk.page\/nimes\/wp-content\/uploads\/sites\/2\/2026\/03\/kid-icon-25.png\" class=\"no-lazyload attachment-full\" alt=\"\" \/>                                                                                <\/div>\r\n                                                    <\/div>\r\n<\/div>\t\t\t\t<\/div>\n\t\t\t\t<\/div>\n\t\t\t\t<div class=\"elementor-element elementor-element-58b5701a elementor-widget elementor-widget-pxl_heading\" data-id=\"58b5701a\" data-element_type=\"widget\" data-widget_type=\"pxl_heading.default\">\n\t\t\t\t<div class=\"elementor-widget-container\">\n\t\t\t\t\t\n<div id=\"pxl-pxl_heading-58b5701a-9180\" class=\"pxl-heading \">\n\t<div class=\"pxl-heading--inner\">\n\t\t\n\t\t<h2 class=\"pxl-item--title style-default highlight-default wow skewIn\" data-wow-delay=\"450ms\">\n\t\t\t<span class=\"pxl-heading--text\">\n\t\t\t\t\t\t\t\t\tGROUPE SCOLAIRES &#038; CENTRE DE LOISIRS\t\n\t\t\t\t\t\t\t<\/span>\n\t\t<\/h2>\n\t<\/div>\n<\/div>\t\t\t\t<\/div>\n\t\t\t\t<\/div>\n\t\t\t\t<\/a>\r\n\t\t\t\t<\/div>\r\n\t\t\t\t<\/div>\r\n\t\t\t\t\t<\/div>\r\n\t\t\t\t<\/div>\r\n\t\t<div class=\"elementor-element elementor-element-21f9f52 e-flex e-con-boxed pxl-row-scroll-none pxl-zoom-point-false pxl-section-overflow-visible pxl-section-fix-none pxl-bg-color-none pxl-section-overlay-none e-con e-parent \" data-id=\"21f9f52\" data-element_type=\"container\">\t\t\t<div class=\"e-con-inner\">\r\n\t\t\t\t\t<\/div>\r\n\t\t\t\t<\/div>\r\n\t\t\t\t<\/div>\n\t\t","protected":false},"excerpt":{"rendered":"<p>Nos prestations de groupes D\u00e9couvrez nos prestations de groupe : du fun pour tous les \u00e2ges et toutes les occasions ! \u00c9V\u00c8NEMENTS D&rsquo;ENTREPRISES &#8211; CE EVG\/EVJF TEAM BUILDING GROUPE SCOLAIRES &#038; CENTRE DE LOISIRS<\/p>\n","protected":false},"author":1,"featured_media":0,"parent":0,"menu_order":0,"comment_status":"closed","ping_status":"closed","template":"","meta":{"footnotes":""},"class_list":["post-302","page","type-page","status-publish","hentry"],"_links":{"self":[{"href":"https:\/\/quirky-neumann.46-105-92-215.plesk.page\/nimes\/wp-json\/wp\/v2\/pages\/302","targetHints":{"allow":["GET"]}}],"collection":[{"href":"https:\/\/quirky-neumann.46-105-92-215.plesk.page\/nimes\/wp-json\/wp\/v2\/pages"}],"about":[{"href":"https:\/\/quirky-neumann.46-105-92-215.plesk.page\/nimes\/wp-json\/wp\/v2\/types\/page"}],"author":[{"embeddable":true,"href":"https:\/\/quirky-neumann.46-105-92-215.plesk.page\/nimes\/wp-json\/wp\/v2\/users\/1"}],"replies":[{"embeddable":true,"href":"https:\/\/quirky-neumann.46-105-92-215.plesk.page\/nimes\/wp-json\/wp\/v2\/comments?post=302"}],"version-history":[{"count":36,"href":"https:\/\/quirky-neumann.46-105-92-215.plesk.page\/nimes\/wp-json\/wp\/v2\/pages\/302\/revisions"}],"predecessor-version":[{"id":520,"href":"https:\/\/quirky-neumann.46-105-92-215.plesk.page\/nimes\/wp-json\/wp\/v2\/pages\/302\/revisions\/520"}],"wp:attachment":[{"href":"https:\/\/quirky-neumann.46-105-92-215.plesk.page\/nimes\/wp-json\/wp\/v2\/media?parent=302"}],"curies":[{"name":"wp","href":"https:\/\/api.w.org\/{rel}","templated":true}]}}